{"id":5935,"date":"2021-12-03T16:39:00","date_gmt":"2021-12-03T15:39:00","guid":{"rendered":"https:\/\/domusdei.it\/privacy-policy\/"},"modified":"2022-03-31T10:26:00","modified_gmt":"2022-03-31T08:26:00","slug":"privacy-policy","status":"publish","type":"page","link":"https:\/\/domusdei.it\/en\/privacy-policy\/","title":{"rendered":"Privacy Policy"},"content":{"rendered":"<p>[vc_row][vc_column][vc_column_text spacing_heading=&#8221;&#8221; spacing_heading_tab=&#8221;&#8221; spacing_heading_mobile=&#8221;&#8221;]<\/p>\n<h3>Privacy Policy<\/h3>\n<p>Questo Sito Web raccoglie alcuni Dati Personali dei propri Utenti.<\/p>\n<p><strong>\u00a0<\/strong><\/p>\n<h4><strong>Titolare del Trattamento dei Dati<\/strong><\/h4>\n<p>Il \u201ctitolare\u201d del trattamento \u00e8 la Societ\u00e0 Domus Dei 1963 Srl in persona del \u00a0\u00a0Responsabile Alessandro Cinque, con sede in via delle Monachelle 11 \u2013 00071 \u2013 Pomezia (RM).<br \/>\n<strong>Indirizzo email del Titolare:<\/strong> <strong><em><a href=\"mailto:info@domusdei.it\">info@domusdei.it<\/a><\/em><\/strong><em>\u00a0<\/em><\/p>\n<p>&nbsp;<\/p>\n<h4><strong>Tipologie di Dati raccolti<\/strong><\/h4>\n<p>Fra i Dati Personali raccolti da questo Sito Web, in modo autonomo o tramite terze parti, ci sono: nome, cognome, email, Cookie, Dati di utilizzo.<\/p>\n<p>I Dati Personali possono essere liberamente forniti dall&#8217;Utente o, nel caso di Dati di Utilizzo, raccolti automaticamente durante l&#8217;uso di questo Sito Web.<br \/>\nNei casi in cui questo Sito Web indichi alcuni Dati come facoltativi, gli Utenti sono liberi di astenersi dal comunicare tali Dati, senza che ci\u00f2 abbia alcuna conseguenza sulla disponibilit\u00e0 del Servizio o sulla sua operativit\u00e0.<br \/>\nL\u2019eventuale utilizzo di Cookie &#8211; o di altri strumenti di tracciamento &#8211; da parte di questo Sito Web o dei titolari dei servizi terzi utilizzati da questo Sito Web, ove non diversamente precisato, ha la finalit\u00e0 di fornire il Servizio richiesto dall&#8217;Utente, oltre alle ulteriori finalit\u00e0 descritte nel presente documento e nella Cookie Policy.<\/p>\n<p>L&#8217;Utente si assume la responsabilit\u00e0 dei Dati Personali di terzi ottenuti, pubblicati o condivisi mediante questo Sito Web e garantisce di avere il diritto di comunicarli o diffonderli, liberando il Titolare da qualsiasi responsabilit\u00e0 verso terzi.<\/p>\n<p>&nbsp;<\/p>\n<h3><strong>Modalit\u00e0 e luogo del trattamento dei Dati raccolti<\/strong><\/h3>\n<h4><strong>Modalit\u00e0 di trattamento<\/strong><\/h4>\n<p>Il Titolare adotta le opportune misure di sicurezza volte ad impedire l\u2019accesso, la divulgazione, la modifica o la distruzione non autorizzate dei Dati Personali.<br \/>\nIl trattamento viene effettuato mediante strumenti informatici e\/o telematici, con modalit\u00e0 organizzative e con logiche strettamente correlate alle finalit\u00e0 indicate.<\/p>\n<p>&nbsp;<\/p>\n<h4><strong>Base giuridica del trattamento<\/strong><\/h4>\n<p>Il Titolare tratta Dati Personali relativi all\u2019Utente in caso sussista una delle seguenti condizioni:<\/p>\n<ul>\n<li>l\u2019Utente ha prestato il consenso per una o pi\u00f9 finalit\u00e0 specifiche.<\/li>\n<\/ul>\n<p>E\u2019 comunque sempre possibile richiedere al Titolare di chiarire la concreta base giuridica di ciascun trattamento.<\/p>\n<p><strong>\u00a0<\/strong><\/p>\n<h4><strong>Luogo<\/strong><\/h4>\n<p>I Dati sono trattati presso la sede operativa del Titolare e conservati presso i server posizionati in Italia del Provider del sito.<\/p>\n<p>&nbsp;<\/p>\n<h4><strong>Periodo di conservazione<\/strong><\/h4>\n<p>I Dati sono trattati e conservati per il tempo richiesto dalle finalit\u00e0 per le quali sono stati raccolti.<\/p>\n<p>Pertanto:<\/p>\n<ul>\n<li>I Dati Personali raccolti per scopi collegati all\u2019esecuzione di un contratto tra il Titolare e l\u2019Utente saranno trattenuti sino a quando sia completata l\u2019esecuzione di tale contratto.<\/li>\n<li>I Dati Personali forniti dall\u2019utente per chiedere informazioni e chiarimenti sono conservati per il tempo strettamente necessario a rispondere al chiarimento richiesto.<\/li>\n<\/ul>\n<p>Inoltre, il Titolare potrebbe essere obbligato a conservare i Dati Personali per un periodo pi\u00f9 lungo in ottemperanza ad un obbligo di legge o per ordine di un\u2019autorit\u00e0.<\/p>\n<p>Al termine del periodo di conservazione i Dati Personali saranno cancellati. Pertanto, allo spirare di tale termine il diritto di accesso, cancellazione, rettificazione ed il diritto alla portabilit\u00e0 dei Dati non potranno pi\u00f9 essere esercitati.<\/p>\n<p><strong>\u00a0<\/strong><\/p>\n<h4><strong>Finalit\u00e0 del Trattamento dei Dati raccolti<\/strong><\/h4>\n<p>I Dati dell\u2019Utente sono raccolti per consentire al Titolare di fornire Servizi richiesti.<\/p>\n<p>I Dati Personali sono raccolti per le seguenti finalit\u00e0 ed utilizzando i seguenti servizi:<\/p>\n<ul>\n<li>Contattare l&#8217;Utente tramite il modulo di contatto di questo sito web.<\/li>\n<\/ul>\n<p>L\u2019Utente, compilando con i propri Dati il modulo di contatto, acconsente al loro utilizzo per rispondere alle richieste di informazioni o di qualunque altra natura indicata dall\u2019intestazione del modulo.<\/p>\n<p>Dati Personali raccolti: cognome, nome, email.<\/p>\n<p>&nbsp;<\/p>\n<h4><strong>Diritti dell\u2019Utente<\/strong><\/h4>\n<p>Gli Utenti possono esercitare determinati diritti con riferimento ai Dati trattati dal Titolare.<\/p>\n<p>In particolare, l\u2019Utente ha il diritto di:<\/p>\n<ul>\n<li><strong>revocare il consenso in ogni momento.<\/strong> L\u2019Utente pu\u00f2 revocare il consenso al trattamento dei propri Dati Personali precedentemente espresso.<\/li>\n<li><strong>opporsi al trattamento dei propri Dati.<\/strong> L\u2019Utente pu\u00f2 opporsi al trattamento dei propri Dati quando esso avviene su una base giuridica diversa dal consenso. Ulteriori dettagli sul diritto di opposizione sono indicati nella sezione sottostante.<\/li>\n<li><strong>accedere ai propri Dati.<\/strong> L\u2019Utente ha diritto ad ottenere informazioni sui Dati trattati dal Titolare, su determinati aspetti del trattamento ed a ricevere una copia dei Dati trattati.<\/li>\n<li><strong>verificare e chiedere la rettificazione.<\/strong> L\u2019Utente pu\u00f2 verificare la correttezza dei propri Dati e richiederne l\u2019aggiornamento o la correzione.<\/li>\n<li><strong>ottenere la limitazione del trattamento.<\/strong> Quando ricorrono determinate condizioni, l\u2019Utente pu\u00f2 richiedere la limitazione del trattamento dei propri Dati. In tal caso il Titolare non tratter\u00e0 i Dati per alcun altro scopo se non la loro conservazione.<\/li>\n<li><strong>ottenere la cancellazione o rimozione dei propri Dati Personali.<\/strong> Quando ricorrono determinate condizioni, l\u2019Utente pu\u00f2 richiedere la cancellazione dei propri Dati da parte del Titolare.<\/li>\n<li><strong>ricevere i propri Dati o farli trasferire ad altro titolare.<\/strong> L\u2019Utente ha diritto di ricevere i propri Dati in formato strutturato, di uso comune e leggibile da dispositivo automatico e, ove tecnicamente fattibile, di ottenerne il trasferimento senza ostacoli ad un altro titolare. Questa disposizione \u00e8 applicabile quando i Dati sono trattati con strumenti automatizzati ed il trattamento \u00e8 basato sul consenso dell\u2019Utente, su un contratto di cui l\u2019Utente \u00e8 parte o su misure contrattuali ad esso connesse.<\/li>\n<li><strong>proporre reclamo.<\/strong> L\u2019Utente pu\u00f2 proporre un reclamo all\u2019autorit\u00e0 di controllo della protezione dei dati personali competente o agire in sede giudiziale.<\/li>\n<\/ul>\n<h4><strong>Come esercitare i diritti<\/strong><\/h4>\n<p>Per esercitare i diritti dell\u2019Utente, gli Utenti possono indirizzare una richiesta agli estremi di contatto del Titolare indicati in questo documento. Le richieste sono depositate a titolo gratuito e evase dal Titolare nel pi\u00f9 breve tempo possibile, in ogni caso entro un mese.<\/p>\n<p><strong>\u00a0<\/strong><\/p>\n<h4><strong>Cookie Policy<\/strong><\/h4>\n<p>Questo Sito Web fa utilizzo di Cookie. Per saperne di pi\u00f9 e per prendere visione dell\u2019informativa dettagliata, l\u2019Utente pu\u00f2 consultare la <a href=\"https:\/\/domusdei.it\/cookies-policy\/\" target=\"_blank\" rel=\"noopener\">Cookie Policy<\/a>.<\/p>\n<h4><strong>Riferimenti Legali<\/strong><\/h4>\n<p>La presente informativa privacy \u00e8 redatta sulla base di molteplici ordinamenti legislativi, inclusi gli artt. 13 e 14 del Regolamento (UE) 2016\/679.<\/p>\n<p>Ove non diversamente specificato, questa informativa privacy riguarda esclusivamente questo Sito Web.<\/p>\n<p>&nbsp;<\/p>\n<p><em>Ultima modifica: 18 Marzo 2022<\/em>[\/vc_column_text][\/vc_column][\/vc_row]<\/p>\n","protected":false},"excerpt":{"rendered":"<p>[vc_row][vc_column][vc_column_text spacing_heading=&#8221;&#8221; spacing_heading_tab=&#8221;&#8221; spacing_heading_mobile=&#8221;&#8221;] Privacy Policy Questo Sito Web raccoglie alcuni Dati Personali dei propri Utenti. \u00a0 Titolare del Trattamento dei Dati Il \u201ctitolare\u201d del trattamento \u00e8 la Societ\u00e0 Domus Dei 1963 Srl in persona del \u00a0\u00a0Responsabile Alessandro Cinque, con sede in via delle Monachelle 11 \u2013 00071 \u2013 Pomezia (RM). Indirizzo email del Titolare: [&hellip;]<\/p>\n","protected":false},"author":3,"featured_media":0,"parent":0,"menu_order":0,"comment_status":"closed","ping_status":"closed","template":"","meta":{"_mi_skip_tracking":false,"_monsterinsights_sitenote_active":false,"_monsterinsights_sitenote_note":"","_monsterinsights_sitenote_category":0,"footnotes":""},"class_list":["post-5935","page","type-page","status-publish","hentry"],"acf":[],"yoast_head":"<!-- This site is optimized with the Yoast SEO plugin v20.10 - https:\/\/yoast.com\/wordpress\/plugins\/seo\/ -->\n<title>Privacy Policy - Domus Dei<\/title>\n<meta name=\"robots\" content=\"index, follow, max-snippet:-1, max-image-preview:large, max-video-preview:-1\" \/>\n<link rel=\"canonical\" href=\"https:\/\/domusdei.it\/en\/privacy-policy\/\" \/>\n<meta property=\"og:locale\" content=\"en_US\" \/>\n<meta property=\"og:type\" content=\"article\" \/>\n<meta property=\"og:title\" content=\"Privacy Policy - Domus Dei\" \/>\n<meta property=\"og:description\" content=\"[vc_row][vc_column][vc_column_text spacing_heading=&#8221;&#8221; spacing_heading_tab=&#8221;&#8221; spacing_heading_mobile=&#8221;&#8221;] Privacy Policy Questo Sito Web raccoglie alcuni Dati Personali dei propri Utenti. \u00a0 Titolare del Trattamento dei Dati Il \u201ctitolare\u201d del trattamento \u00e8 la Societ\u00e0 Domus Dei 1963 Srl in persona del \u00a0\u00a0Responsabile Alessandro Cinque, con sede in via delle Monachelle 11 \u2013 00071 \u2013 Pomezia (RM). Indirizzo email del Titolare: [&hellip;]\" \/>\n<meta property=\"og:url\" content=\"https:\/\/domusdei.it\/en\/privacy-policy\/\" \/>\n<meta property=\"og:site_name\" content=\"Domus Dei\" \/>\n<meta property=\"article:modified_time\" content=\"2022-03-31T08:26:00+00:00\" \/>\n<meta name=\"twitter:card\" content=\"summary_large_image\" \/>\n<meta name=\"twitter:label1\" content=\"Est. reading time\" \/>\n\t<meta name=\"twitter:data1\" content=\"1 minute\" \/>\n<script type=\"application\/ld+json\" class=\"yoast-schema-graph\">{\"@context\":\"https:\/\/schema.org\",\"@graph\":[{\"@type\":\"WebPage\",\"@id\":\"https:\/\/domusdei.it\/en\/privacy-policy\/\",\"url\":\"https:\/\/domusdei.it\/en\/privacy-policy\/\",\"name\":\"Privacy Policy - Domus Dei\",\"isPartOf\":{\"@id\":\"https:\/\/domusdei.it\/#website\"},\"datePublished\":\"2021-12-03T15:39:00+00:00\",\"dateModified\":\"2022-03-31T08:26:00+00:00\",\"breadcrumb\":{\"@id\":\"https:\/\/domusdei.it\/en\/privacy-policy\/#breadcrumb\"},\"inLanguage\":\"en-US\",\"potentialAction\":[{\"@type\":\"ReadAction\",\"target\":[\"https:\/\/domusdei.it\/en\/privacy-policy\/\"]}]},{\"@type\":\"BreadcrumbList\",\"@id\":\"https:\/\/domusdei.it\/en\/privacy-policy\/#breadcrumb\",\"itemListElement\":[{\"@type\":\"ListItem\",\"position\":1,\"name\":\"Home\",\"item\":\"https:\/\/domusdei.it\/en\/\"},{\"@type\":\"ListItem\",\"position\":2,\"name\":\"Privacy Policy\"}]},{\"@type\":\"WebSite\",\"@id\":\"https:\/\/domusdei.it\/#website\",\"url\":\"https:\/\/domusdei.it\/\",\"name\":\"Domus Dei\",\"description\":\"Un nuovo sito targato WordPress\",\"potentialAction\":[{\"@type\":\"SearchAction\",\"target\":{\"@type\":\"EntryPoint\",\"urlTemplate\":\"https:\/\/domusdei.it\/?s={search_term_string}\"},\"query-input\":\"required name=search_term_string\"}],\"inLanguage\":\"en-US\"}]}<\/script>\n<!-- \/ Yoast SEO plugin. -->","yoast_head_json":{"title":"Privacy Policy - Domus Dei","robots":{"index":"index","follow":"follow","max-snippet":"max-snippet:-1","max-image-preview":"max-image-preview:large","max-video-preview":"max-video-preview:-1"},"canonical":"https:\/\/domusdei.it\/en\/privacy-policy\/","og_locale":"en_US","og_type":"article","og_title":"Privacy Policy - Domus Dei","og_description":"[vc_row][vc_column][vc_column_text spacing_heading=&#8221;&#8221; spacing_heading_tab=&#8221;&#8221; spacing_heading_mobile=&#8221;&#8221;] Privacy Policy Questo Sito Web raccoglie alcuni Dati Personali dei propri Utenti. \u00a0 Titolare del Trattamento dei Dati Il \u201ctitolare\u201d del trattamento \u00e8 la Societ\u00e0 Domus Dei 1963 Srl in persona del \u00a0\u00a0Responsabile Alessandro Cinque, con sede in via delle Monachelle 11 \u2013 00071 \u2013 Pomezia (RM). Indirizzo email del Titolare: [&hellip;]","og_url":"https:\/\/domusdei.it\/en\/privacy-policy\/","og_site_name":"Domus Dei","article_modified_time":"2022-03-31T08:26:00+00:00","twitter_card":"summary_large_image","twitter_misc":{"Est. reading time":"1 minute"},"schema":{"@context":"https:\/\/schema.org","@graph":[{"@type":"WebPage","@id":"https:\/\/domusdei.it\/en\/privacy-policy\/","url":"https:\/\/domusdei.it\/en\/privacy-policy\/","name":"Privacy Policy - Domus Dei","isPartOf":{"@id":"https:\/\/domusdei.it\/#website"},"datePublished":"2021-12-03T15:39:00+00:00","dateModified":"2022-03-31T08:26:00+00:00","breadcrumb":{"@id":"https:\/\/domusdei.it\/en\/privacy-policy\/#breadcrumb"},"inLanguage":"en-US","potentialAction":[{"@type":"ReadAction","target":["https:\/\/domusdei.it\/en\/privacy-policy\/"]}]},{"@type":"BreadcrumbList","@id":"https:\/\/domusdei.it\/en\/privacy-policy\/#breadcrumb","itemListElement":[{"@type":"ListItem","position":1,"name":"Home","item":"https:\/\/domusdei.it\/en\/"},{"@type":"ListItem","position":2,"name":"Privacy Policy"}]},{"@type":"WebSite","@id":"https:\/\/domusdei.it\/#website","url":"https:\/\/domusdei.it\/","name":"Domus Dei","description":"Un nuovo sito targato WordPress","potentialAction":[{"@type":"SearchAction","target":{"@type":"EntryPoint","urlTemplate":"https:\/\/domusdei.it\/?s={search_term_string}"},"query-input":"required name=search_term_string"}],"inLanguage":"en-US"}]}},"_links":{"self":[{"href":"https:\/\/domusdei.it\/en\/wp-json\/wp\/v2\/pages\/5935","targetHints":{"allow":["GET"]}}],"collection":[{"href":"https:\/\/domusdei.it\/en\/wp-json\/wp\/v2\/pages"}],"about":[{"href":"https:\/\/domusdei.it\/en\/wp-json\/wp\/v2\/types\/page"}],"author":[{"embeddable":true,"href":"https:\/\/domusdei.it\/en\/wp-json\/wp\/v2\/users\/3"}],"replies":[{"embeddable":true,"href":"https:\/\/domusdei.it\/en\/wp-json\/wp\/v2\/comments?post=5935"}],"version-history":[{"count":2,"href":"https:\/\/domusdei.it\/en\/wp-json\/wp\/v2\/pages\/5935\/revisions"}],"predecessor-version":[{"id":7887,"href":"https:\/\/domusdei.it\/en\/wp-json\/wp\/v2\/pages\/5935\/revisions\/7887"}],"wp:attachment":[{"href":"https:\/\/domusdei.it\/en\/wp-json\/wp\/v2\/media?parent=5935"}],"curies":[{"name":"wp","href":"https:\/\/api.w.org\/{rel}","templated":true}]}}